{"id":40,"date":"2015-01-14T13:40:27","date_gmt":"2015-01-14T12:40:27","guid":{"rendered":"http:\/\/gemeinde.ks-enterprise.de\/wordpress\/?page_id=40"},"modified":"2015-01-20T21:46:30","modified_gmt":"2015-01-20T20:46:30","slug":"links","status":"publish","type":"page","link":"https:\/\/xn--bibelgemeinde-lbeck-kbc.de\/?page_id=40","title":{"rendered":"Links"},"content":{"rendered":"<table border=\"0\" width=\"100%\">\n<tbody>\n<tr>\n<td height=\"30\"><\/td>\n<\/tr>\n<tr>\n<td height=\"100%\">\n<table border=\"0\" width=\"100%\" bgcolor=\"white\">\n<tbody>\n<tr>\n<td align=\"center\" valign=\"middle\" height=\"\">\n<h5><img decoding=\"async\" loading=\"lazy\" class=\" alignleft\" src=\"http:\/\/www.tbf-presseagentur.de\/luebeck\/today\/12Dezember14\/bilder\/FBG\/Pictogramm-Link.jpg\" alt=\"\" width=\"124\" height=\"123\" \/><span style=\"color: #8198de;\">Hier werden Sie auf andere, in unseren Augen, lesenswerte Internet-Seiten weitergeleitet.<\/span><\/h5>\n<\/td>\n<\/tr>\n<tr>\n<td align=\"center\" valign=\"middle\" height=\"\">\n<h5><a href=\"http:\/\/www.maikonferenz.de\">Christliche Glaubenskonferenz Norddeutschland<\/a><\/h5>\n<h5><a href=\"http:\/\/www.efa-mission.de\">Evangelium f\u00fcr Alle (EFA)<\/a><\/h5>\n<h5><a href=\"http:\/\/www.kfg.org\">Konferenz f\u00fcr Gemeindegr\u00fcndung (KfG)<\/a><\/h5>\n<h5><a href=\"http:\/\/www.kontrapunkt-bibel.de\">Kontrapunkt Bibel<\/a><\/h5>\n<\/td>\n<\/tr>\n<\/tbody>\n<\/table>\n<\/td>\n<\/tr>\n<\/tbody>\n<\/table>\n","protected":false},"excerpt":{"rendered":"<p>Hier werden Sie auf andere, in unseren Augen, lesenswerte Internet-Seiten weitergeleitet. Christliche Glaubenskonferenz Norddeutschland Evangelium f\u00fcr Alle (EFA) Konferenz f\u00fcr Gemeindegr\u00fcndung (KfG) Kontrapunkt Bibel<\/p>\n","protected":false},"author":1,"featured_media":0,"parent":0,"menu_order":5,"comment_status":"closed","ping_status":"open","template":"","meta":[],"_links":{"self":[{"href":"https:\/\/xn--bibelgemeinde-lbeck-kbc.de\/index.php?rest_route=\/wp\/v2\/pages\/40"}],"collection":[{"href":"https:\/\/xn--bibelgemeinde-lbeck-kbc.de\/index.php?rest_route=\/wp\/v2\/pages"}],"about":[{"href":"https:\/\/xn--bibelgemeinde-lbeck-kbc.de\/index.php?rest_route=\/wp\/v2\/types\/page"}],"author":[{"embeddable":true,"href":"https:\/\/xn--bibelgemeinde-lbeck-kbc.de\/index.php?rest_route=\/wp\/v2\/users\/1"}],"replies":[{"embeddable":true,"href":"https:\/\/xn--bibelgemeinde-lbeck-kbc.de\/index.php?rest_route=%2Fwp%2Fv2%2Fcomments&post=40"}],"version-history":[{"count":7,"href":"https:\/\/xn--bibelgemeinde-lbeck-kbc.de\/index.php?rest_route=\/wp\/v2\/pages\/40\/revisions"}],"predecessor-version":[{"id":145,"href":"https:\/\/xn--bibelgemeinde-lbeck-kbc.de\/index.php?rest_route=\/wp\/v2\/pages\/40\/revisions\/145"}],"wp:attachment":[{"href":"https:\/\/xn--bibelgemeinde-lbeck-kbc.de\/index.php?rest_route=%2Fwp%2Fv2%2Fmedia&parent=40"}],"curies":[{"name":"wp","href":"https:\/\/api.w.org\/{rel}","templated":true}]}}