{"id":90,"date":"2015-01-14T15:44:09","date_gmt":"2015-01-14T14:44:09","guid":{"rendered":"http:\/\/gemeinde.ks-enterprise.de\/wordpress\/?page_id=90"},"modified":"2026-01-07T10:37:02","modified_gmt":"2026-01-07T09:37:02","slug":"90-2","status":"publish","type":"page","link":"https:\/\/xn--bibelgemeinde-lbeck-kbc.de\/","title":{"rendered":"Herzlich Willkommen"},"content":{"rendered":"\n<hr class=\"wp-block-separator has-css-opacity\"\/>\n\n\n<p><strong>Herzlichen Dank,<br \/>da\u00df Sie auf die Hompage der Freien Bibelgemeinde L\u00fcbeck gekommen sind.<\/strong><\/p>\n<p>M\u00f6chten Sie unsere Gemeinde n\u00e4her kennenlernen und wissen, was GOTT Ihnen durch SEIN Wort, die Bibel, zu sagen hat?<\/p>\n<p><b>Sie sind herzlich eingeladen, besuchen Sie uns gerne!<\/b><\/p>\n<hr \/>\n<p>Bei Fragen, k\u00f6nnt ihr euch gerne bei uns melden unter den folgenden Telefonnummern: <strong>0451 \/ 66100 <\/strong>oder <strong>0162 \/ 7686767<\/strong><\/p>\n\n\n<hr class=\"wp-block-separator has-css-opacity\"\/>\n","protected":false},"excerpt":{"rendered":"<p>Herzlichen Dank,da\u00df Sie auf die Hompage der Freien Bibelgemeinde L\u00fcbeck gekommen sind. M\u00f6chten Sie unsere Gemeinde n\u00e4her kennenlernen und wissen, was GOTT Ihnen durch SEIN Wort, die Bibel, zu sagen hat? Sie sind herzlich eingeladen, besuchen Sie uns gerne! Bei Fragen, k\u00f6nnt ihr euch gerne bei uns melden unter den folgenden Telefonnummern: 0451 \/ 66100 &hellip; <a href=\"https:\/\/xn--bibelgemeinde-lbeck-kbc.de\/\" class=\"more-link\"><span class=\"screen-reader-text\">Herzlich Willkommen<\/span> weiterlesen <span class=\"meta-nav\">&rarr;<\/span><\/a><\/p>\n","protected":false},"author":1,"featured_media":0,"parent":0,"menu_order":0,"comment_status":"closed","ping_status":"open","template":"","meta":[],"_links":{"self":[{"href":"https:\/\/xn--bibelgemeinde-lbeck-kbc.de\/index.php?rest_route=\/wp\/v2\/pages\/90"}],"collection":[{"href":"https:\/\/xn--bibelgemeinde-lbeck-kbc.de\/index.php?rest_route=\/wp\/v2\/pages"}],"about":[{"href":"https:\/\/xn--bibelgemeinde-lbeck-kbc.de\/index.php?rest_route=\/wp\/v2\/types\/page"}],"author":[{"embeddable":true,"href":"https:\/\/xn--bibelgemeinde-lbeck-kbc.de\/index.php?rest_route=\/wp\/v2\/users\/1"}],"replies":[{"embeddable":true,"href":"https:\/\/xn--bibelgemeinde-lbeck-kbc.de\/index.php?rest_route=%2Fwp%2Fv2%2Fcomments&post=90"}],"version-history":[{"count":169,"href":"https:\/\/xn--bibelgemeinde-lbeck-kbc.de\/index.php?rest_route=\/wp\/v2\/pages\/90\/revisions"}],"predecessor-version":[{"id":764,"href":"https:\/\/xn--bibelgemeinde-lbeck-kbc.de\/index.php?rest_route=\/wp\/v2\/pages\/90\/revisions\/764"}],"wp:attachment":[{"href":"https:\/\/xn--bibelgemeinde-lbeck-kbc.de\/index.php?rest_route=%2Fwp%2Fv2%2Fmedia&parent=90"}],"curies":[{"name":"wp","href":"https:\/\/api.w.org\/{rel}","templated":true}]}}